{"id":233,"date":"2023-03-20T22:05:08","date_gmt":"2023-03-20T22:05:08","guid":{"rendered":"https:\/\/financiafactor.estrategiasdigitales.cl\/?page_id=233"},"modified":"2023-03-31T10:44:11","modified_gmt":"2023-03-31T13:44:11","slug":"factoring","status":"publish","type":"page","link":"https:\/\/financiafactor.estrategiasdigitales.cl\/?page_id=233","title":{"rendered":"Factoring"},"content":{"rendered":"\n<p><\/p>\n\n\n\n<section id=\"section-0cb3a10d-df6f-44a7-a2be-ce6c8c5a986d\" class=\"wp-block-gutentor-advanced-columns gutentor-section gutentor-advanced-columns has-color-bg has-custom-bg\"><div class=\"grid-container\"><div class=\"grid-row\">\n<div id=\"section-9716e302-4db7-44ca-b240-cdc6d874e416\" class=\"wp-block-gutentor-single-column gutentor-single-column  grid-lg-4 grid-md-12 grid-12\">\n<figure class=\"wp-block-image size-full\"><img loading=\"lazy\" decoding=\"async\" width=\"725\" height=\"725\" src=\"https:\/\/financiafactor.estrategiasdigitales.cl\/wp-content\/uploads\/2023\/03\/acuerdo.png\" alt=\"Acuerdo de Factoring\" class=\"wp-image-704\" srcset=\"https:\/\/financiafactor.estrategiasdigitales.cl\/wp-content\/uploads\/2023\/03\/acuerdo.png 725w, https:\/\/financiafactor.estrategiasdigitales.cl\/wp-content\/uploads\/2023\/03\/acuerdo-300x300.png 300w, https:\/\/financiafactor.estrategiasdigitales.cl\/wp-content\/uploads\/2023\/03\/acuerdo-150x150.png 150w\" sizes=\"auto, (max-width: 725px) 100vw, 725px\" \/><\/figure>\n\n\n\n<div id=\"section-g6a7f62\" class=\"wp-block-gutentor-e2 section-g6a7f62 gutentor-element gutentor-element-button\"><span class=\"gutentor-button-wrap\"><a class=\"gutentor-button gutentor-block-button gutentor-icon-hide\" href=\"#\"><i class=\"gutentor-button-icon fas fa-book\"><\/i><span>\u00a1Cotiza aqu\u00ed!<\/span><\/a><\/span><\/div>\n<\/div>\n\n\n\n<div id=\"section-bf3b5382-020e-4dd6-b8ca-0c0fe5668a22\" class=\"wp-block-gutentor-single-column gutentor-single-column  grid-lg-8 grid-md-12 grid-12\">\n<div class=\"wp-block-columns is-layout-flex wp-container-core-columns-is-layout-9d6595d7 wp-block-columns-is-layout-flex\">\n<div class=\"wp-block-column is-layout-flow wp-block-column-is-layout-flow\" style=\"flex-basis:100%\">\n<div class=\"wp-block-columns is-layout-flex wp-container-core-columns-is-layout-9d6595d7 wp-block-columns-is-layout-flex\">\n<div class=\"wp-block-column is-layout-flow wp-block-column-is-layout-flow\" style=\"flex-basis:100%\">\n<div id=\"section-7332995c-6acd-4c46-9d61-db47fc069027\" class=\"wp-block-gutentor-content-box gutentor-section gutentor-content-box-wrapper content-template1 text-left\"><div class=\"grid-container\"><div class=\"grid-row gutentor-grid-item-wrap\"><div class=\"gutentor-grid-column grid-lg-12 grid-md-12 grid-12\"><div class=\"gutentor-single-item gutentor-single-item-0\"><div class=\"gutentor-single-item-wrap\"><div class=\"gutentor-single-item-content\"><h1 class=\"gutentor-single-item-title\">Factoring<\/h1><p class=\"gutentor-single-item-desc\">Es una forma de obtener financiamiento de corto plazo sin endeudamiento.<br><strong>Factoring Financia<\/strong> puede transformar en efectivo inmediato sus flujos futuros de corto plazo con un proceso limpio y transparente de cesi\u00f3n de facturas o documentos de cobro.<br>Puedes utilizar tus propios activos para financiar tu negocio por medio de la cesi\u00f3n de tus cuentas por cobrar a un tercero, quien se hace cargo de su cobranza en la fecha de vencimiento.<br>\u00bfTienes facturas con vencimiento a 30-60-90 d\u00edas que quieras convertir en liquidez inmediata?<br>Al ceder  tus documentos por cobrar a la empresa de Factoring, est\u00e1 te entregar\u00e1 un anticipo del monto de la factura equivalente al 80% del valor de la misma.<br>Al vencimiento de la factura la empresa de Factoring se hace cargo de la gesti\u00f3n de cobranza, generando una liquidaci\u00f3n y pago del remanente.<br><\/p><\/div><\/div><\/div><\/div><\/div><\/div><\/div>\n\n\n\n<section id=\"section-7598482b-068b-4f41-95b4-bd1200c24ab3\" class=\"wp-block-gutentor-divider section-7598482b-068b-4f41-95b4-bd1200c24ab3 gutentor-element gutentor-section gutentor-divider text-center\"><div class=\"grid-container\"><div class=\"gutentor-divider-box\"><span><svg xmlns=\"http:\/\/www.w3.org\/2000\/svg\" viewBox=\"0 0 240 40\" preserveAspectRatio=\"none\"><path d=\"M56.2 20c5.3-.1 10.6-.2 16-.3l16-.2c10.6-.1 21.3-.1 31.9-.2 10.6.1 21.3 0 31.9.1l16 .2c5.3.1 10.6.2 16 .3-5.3.1-10.6.2-16 .3l-16 .2c-10.6.1-21.3.1-31.9.1-10.6-.1-21.3 0-31.9-.2l-16-.2c-5.4.1-10.7 0-16-.1z\"><\/path><\/svg><\/span><\/div><\/div><\/section>\n<\/div>\n<\/div>\n<\/div>\n<\/div>\n\n\n\n<div id=\"section-a2225258-5cf1-4f66-825e-fb711e85669f\" class=\"wp-block-gutentor-list gutentor-section gutentor-list-wrapper list-template1 text-left\"><div class=\"grid-container\"><div class=\"gutentor-block-header\"><div class=\"gutentor-section-title enable-title-design seperator-bottom text-center\"><h2 class=\"gutentor-title\">Ventajas &amp; Beneficios<\/h2><\/div><\/div><ul class=\"grid-row gutentor-grid-item-wrap list-indicator-icon text-left\"><li class=\"gutentor-list-item grid-lg-4 grid-12 grid-12\"><span class=\"gutentor-single-item gutentor-single-item-0\"><span class=\"gutentor-list-item-wrap\"><span class=\"gutentor-single-list-item-icon\"><i class=\"list-item-icon far fa-check-circle\"><\/i><\/span><span class=\"gutentor-list-item\"><p class=\"gutentor-single-item-title\">Libera recursos al no hacer uso de las l\u00edneas de financiamiento de la empresa <\/p><\/span><\/span><\/span><\/li><li class=\"gutentor-list-item grid-lg-4 grid-12 grid-12\"><span class=\"gutentor-single-item gutentor-single-item-1\"><span class=\"gutentor-list-item-wrap\"><span class=\"gutentor-single-list-item-icon\"><i class=\"list-item-icon far fa-check-circle\"><\/i><\/span><span class=\"gutentor-list-item\"><p class=\"gutentor-single-item-title\">Disminuye los gastos directos asociados a gestiones administrativas y de cobranza  <\/p><\/span><\/span><\/span><\/li><li class=\"gutentor-list-item grid-lg-4 grid-12 grid-12\"><span class=\"gutentor-single-item gutentor-single-item-2\"><span class=\"gutentor-list-item-wrap\"><span class=\"gutentor-single-list-item-icon\"><i class=\"list-item-icon far fa-check-circle\"><\/i><\/span><span class=\"gutentor-list-item\"><p class=\"gutentor-single-item-title\">Genera claridad y transparencia en la gesti\u00f3n de cobranza <\/p><\/span><\/span><\/span><\/li><li class=\"gutentor-list-item grid-lg-4 grid-12 grid-12\"><span class=\"gutentor-single-item gutentor-single-item-3\"><span class=\"gutentor-list-item-wrap\"><span class=\"gutentor-single-list-item-icon\"><i class=\"list-item-icon far fa-check-circle\"><\/i><\/span><span class=\"gutentor-list-item\"><p class=\"gutentor-single-item-title\"> Libera a los ejecutivos de realizar acciones de cobranza que inciden en las relaciones con clientes<\/p><\/span><\/span><\/span><\/li><li class=\"gutentor-list-item grid-lg-4 grid-12 grid-12\"><span class=\"gutentor-single-item gutentor-single-item-4\"><span class=\"gutentor-list-item-wrap\"><span class=\"gutentor-single-list-item-icon\"><i class=\"list-item-icon far fa-check-circle\"><\/i><\/span><span class=\"gutentor-list-item\"><p class=\"gutentor-single-item-title\">Evita tr\u00e1mites y p\u00e9rdidas de tiempo en gestiones para obtener financiamiento por cr\u00e9dito <\/p><\/span><\/span><\/span><\/li><\/ul><\/div><\/div>\n<\/div>\n<\/div><\/div><\/section>\n\n\n\n<section id=\"section-415a905d-7a12-4350-bf5b-3afadfe1e5e1\" class=\"wp-block-gutentor-timeline gutentor-section gutentor-timeline cssanimations timeline-template1 has-color-bg has-custom-bg first-item-active\"><div class=\"grid-container\"><div class=\"gutentor-block-header\"><div class=\"gutentor-section-title enable-title-design seperator-bottom text-center\"><h2 class=\"gutentor-title\">Factoring | Proceso en 5 pasos<\/h2><\/div><\/div><div class=\"gutentor-grid-item-wrap\"><div class=\"gutentor-timeline-wrapper\"><div class=\"gutentor-single-item gutentor-single-item-0 gutentor-even\"><div class=\"gutentor-timeline-item\"><div class=\"gutentor-single-item-wrap\"><div class=\"gutentor-timeline-item-circle\"><\/div><div class=\"gutentor-single-item-wrapper\"><div class=\"gutentor-single-item-content gutentor-timeline-item-content\"><div class=\"gutentor-timeline-item-org-title\"><h5 class=\"gutentor-timeline-item-heading-name\">Facturaci\u00f3n y Notificaci\u00f3n<\/h5><span class=\"gutentor-timeline-item-duration\">Paso 1<\/span><\/div><h3 class=\"gutentor-single-item-title\">Proveedor emite factura por venta<br><\/h3><p class=\"gutentor-single-item-desc\">La factura es aceptada por el comprador y se inicia el plazo de pago para completar la transacci\u00f3n.<br>El cliente que contrata el servicio de factoring notifica al Factoring de su intenci\u00f3n agregando los datos del emisor, la fecha de pago y condiciones de plazo como tambien los datos b\u00e1sicos del pagador.<br><\/p><\/div><\/div><\/div><\/div><\/div><div class=\"gutentor-single-item gutentor-single-item-1 gutentor-odd\"><div class=\"gutentor-timeline-item\"><div class=\"gutentor-single-item-wrap\"><div class=\"gutentor-timeline-item-circle\"><\/div><div class=\"gutentor-single-item-wrapper\"><div class=\"gutentor-single-item-content gutentor-timeline-item-content\"><div class=\"gutentor-timeline-item-org-title\"><h5 class=\"gutentor-timeline-item-heading-name\">Cesi\u00f3n de documento<\/h5><span class=\"gutentor-timeline-item-duration\">Paso 2<\/span><\/div><h3 class=\"gutentor-single-item-title\">Proveedor realiza la cesi\u00f3n del documento<br><\/h3><p class=\"gutentor-single-item-desc\">El proveedor que emite la factura la entrega a la empresa de factoring mediante un contrato de cesi\u00f3n de documento.<br> <\/p><\/div><\/div><\/div><\/div><\/div><div class=\"gutentor-single-item gutentor-single-item-2 gutentor-even\"><div class=\"gutentor-timeline-item\"><div class=\"gutentor-single-item-wrap\"><div class=\"gutentor-timeline-item-circle\"><\/div><div class=\"gutentor-single-item-wrapper\"><div class=\"gutentor-single-item-content gutentor-timeline-item-content\"><div class=\"gutentor-timeline-item-org-title\"><h5 class=\"gutentor-timeline-item-heading-name\">Validaci\u00f3n y Verificaci\u00f3n<\/h5><span class=\"gutentor-timeline-item-duration\">Paso  3<\/span><\/div><h3 class=\"gutentor-single-item-title\">La empresa de Factoring realiza la verificaci\u00f3n del pagador<br><\/h3><p class=\"gutentor-single-item-desc\">Se realiza un proceso interno de validaci\u00f3n del historial de pago y credenciales del pagador y se acepta o rechaza la solicitud de financiamiento v\u00eda anticipo del pago.<\/p><\/div><\/div><\/div><\/div><\/div><div class=\"gutentor-single-item gutentor-single-item-3 gutentor-odd\"><div class=\"gutentor-timeline-item\"><div class=\"gutentor-single-item-wrap\"><div class=\"gutentor-timeline-item-circle\"><\/div><div class=\"gutentor-single-item-wrapper\"><div class=\"gutentor-single-item-content gutentor-timeline-item-content\"><div class=\"gutentor-timeline-item-org-title\"><h5 class=\"gutentor-timeline-item-heading-name\">Pago de Anticipo<\/h5><span class=\"gutentor-timeline-item-duration\">Paso 4<\/span><\/div><h3 class=\"gutentor-single-item-title\">La empresa de Factoring paga el  anticipo del monto pactado de la factura<br><\/h3><p class=\"gutentor-single-item-desc\">De acuerdo a las credenciales e historial de pago del deudor se determina el % a pago de la factura, la tasa de cobro y se remite el pago al emisor del documento.hort Description<\/p><\/div><\/div><\/div><\/div><\/div><div class=\"gutentor-single-item gutentor-single-item-4 gutentor-even\"><div class=\"gutentor-timeline-item\"><div class=\"gutentor-single-item-wrap\"><div class=\"gutentor-timeline-item-circle\"><\/div><div class=\"gutentor-single-item-wrapper\"><div class=\"gutentor-single-item-content gutentor-timeline-item-content\"><div class=\"gutentor-timeline-item-org-title\"><h5 class=\"gutentor-timeline-item-heading-name\">Gesti\u00f3n de Cobranza y Liquidaci\u00f3n<\/h5><span class=\"gutentor-timeline-item-duration\">Paso  5<\/span><\/div><h3 class=\"gutentor-single-item-title\">La empresa de factoring gestiona la Cobranza y realiza la Liquidaci\u00f3n de la operaci\u00f3n<br><\/h3><p class=\"gutentor-single-item-desc\">Al vencimiento del plazo de pago la empresa de Factoring gestiona y recibe el pago de la factura por parte del deudor y genera una liquidaci\u00f3n del remanente al emisor de la factura.<br>Nota: En caso de no pago&#8230;.Short Description<\/p><\/div><\/div><\/div><\/div><\/div><\/div><\/div><\/div><\/section>\n\n\n\n<section id=\"gmdc70d6a\" class=\"wp-block-gutentor-m3 section-gmdc70d6a gutentor-module gutentor-container-cover has-color-bg has-custom-bg\"><div class=\"grid-container\">\n<div class=\"wp-block-columns is-layout-flex wp-container-core-columns-is-layout-9d6595d7 wp-block-columns-is-layout-flex\">\n<div class=\"wp-block-column is-layout-flow wp-block-column-is-layout-flow\" style=\"flex-basis:100%\">\n<section id=\"gme4b1434\" class=\"wp-block-gutentor-m3 section-gme4b1434 gutentor-module gutentor-container-cover\"><div class=\"grid-container\">\n<section id=\"section-38c1e924-b7fb-46eb-af82-96fb10863991\" class=\"wp-block-gutentor-icon-box gutentor-section gutentor-icon-wrapper icon-template2 has-color-bg has-custom-bg\"><div class=\"grid-container\"><div class=\"grid-row gutentor-grid-item-wrap\"><div class=\"gutentor-grid-column grid-lg-4 grid-md-4 grid-12\"><div class=\"gutentor-single-item gutentor-icon gutentor-single-item-0\"><div class=\"gutentor-single-item-wrap\"><div class=\"gutentor-single-item-icon-box\"><i class=\"far fa-bell\"><\/i><\/div><div class=\"gutentor-single-item-content\"><h4 class=\"gutentor-single-item-title\"> R\u00e1pido<\/h4><p class=\"gutentor-single-item-desc\">Accedes a financiamiento adicional de forma \u00e1gil y en tiempo oprtuno para satisfacer tus necesidades<\/p><a class=\"gutentor-button gutentor-single-item-button gutentor-icon-hide\" href=\"#\"><i class=\"gutentor-button-icon fas fa-book\"><\/i><span>Read More<\/span><\/a><\/div><\/div><\/div><\/div><div class=\"gutentor-grid-column grid-lg-4 grid-md-4 grid-12\"><div class=\"gutentor-single-item gutentor-icon gutentor-single-item-1\"><div class=\"gutentor-single-item-wrap\"><div class=\"gutentor-single-item-icon-box\"><i class=\"fas fa-book-open\"><\/i><\/div><div class=\"gutentor-single-item-content\"><h4 class=\"gutentor-single-item-title\"> Transparente <\/h4><p class=\"gutentor-single-item-desc\">Tienes acceso a tu estado de cuenta y liquidaciones en l\u00ednea con detalle de costos y pagos de cada documento entregado en cesi\u00f3n al factoring  <\/p><a class=\"gutentor-button gutentor-single-item-button gutentor-icon-hide\" href=\"#\"><i class=\"gutentor-button-icon fas fa-book\"><\/i><span>Read More<\/span><\/a><\/div><\/div><\/div><\/div><div class=\"gutentor-grid-column grid-lg-4 grid-md-4 grid-12\"><div class=\"gutentor-single-item gutentor-icon gutentor-single-item-2\"><div class=\"gutentor-single-item-wrap\"><div class=\"gutentor-single-item-icon-box\"><i class=\"fas fa-user-graduate\"><\/i><\/div><div class=\"gutentor-single-item-content\"><h4 class=\"gutentor-single-item-title\"> Seguro <\/h4><p class=\"gutentor-single-item-desc\">Nuestros procesos est\u00e1n certificados y somos una entidad regulada por la Superintendencia de Servicios financieros<\/p><a class=\"gutentor-button gutentor-single-item-button gutentor-icon-hide\" href=\"#\"><i class=\"gutentor-button-icon fas fa-book\"><\/i><span>Read More<\/span><\/a><\/div><\/div><\/div><\/div><\/div><\/div><\/section>\n<\/div><\/section>\n<\/div>\n<\/div>\n\n\n\n<section id=\"gmb181033\" class=\"wp-block-gutentor-m4 section-gmb181033 gutentor-module gutentor-advanced-columns has-color-bg has-custom-bg\"><div class=\"grid-container\"><div class=\"grid-row\">\n<div id=\"col-gm0e3781\" class=\"wp-block-gutentor-m4-col col-gm0e3781 gutentor-single-column  grid-lg-7 grid-md-6 grid-12\"><div id=\"section-gm0e3781\" class=\"section-gm0e3781 gutentor-col-wrap\">\n<div id=\"section-g03f1cd\" class=\"wp-block-gutentor-e1 section-g03f1cd gutentor-element gutentor-element-advanced-text wow slideInUp\" data-wow-animation=\"slideInUp\"><div class=\"gutentor-text-wrap\"><p class=\"gutentor-text\"><mark style=\"background-color:rgba(0, 0, 0, 0);color:#ee396a\" class=\"has-inline-color\">Cotiza con nosotros <\/mark>y dale nuevo vuelo a tu negocio<\/p><\/div><\/div>\n\n\n\n<div id=\"section-g083ee8\" class=\"wp-block-gutentor-e1 section-g083ee8 gutentor-element gutentor-element-advanced-text wow slideInUp\" data-wow-animation=\"slideInUp\" data-wow-delay=\"0.1s\"><div class=\"gutentor-text-wrap\"><p class=\"gutentor-text\">Ll\u00e1manos para obtener soporte inmediato a tus consultas<\/p><\/div><\/div>\n\n\n\n<div id=\"section-gb7c063\" class=\"wp-block-gutentor-e1 section-gb7c063 gutentor-element gutentor-element-advanced-text wow slideInUp\" data-wow-animation=\"slideInUp\" data-wow-delay=\"0.2s\"><div class=\"gutentor-text-wrap\"><p class=\"gutentor-text\">+562 22443700<\/p><\/div><\/div>\n\n\n\n<div id=\"section-g39229f\" class=\"wp-block-gutentor-e1 section-g39229f gutentor-element gutentor-element-advanced-text wow slideInUp\" data-wow-animation=\"slideInUp\" data-wow-delay=\"0.3s\"><div class=\"gutentor-text-wrap\"><p class=\"gutentor-text\"><a href=\"mailto:soporte@factorfinancia.cl\" data-type=\"mailto\" data-id=\"mailto:soporte@factorfinancia.cl\">soporte@factorfinancia.cl<\/a><\/p><\/div><\/div>\n\n\n\n<p><\/p>\n<\/div><\/div>\n\n\n\n<div id=\"col-gm0915c0\" class=\"wp-block-gutentor-m4-col col-gm0915c0 gutentor-single-column  grid-lg-5 grid-md-6 grid-12\"><div id=\"section-gm0915c0\" class=\"section-gm0915c0 gutentor-col-wrap\">\n<div class=\"wp-block-columns are-vertically-aligned-center is-layout-flex wp-container-core-columns-is-layout-9d6595d7 wp-block-columns-is-layout-flex\">\n<div class=\"wp-block-column is-vertically-aligned-center is-layout-flow wp-block-column-is-layout-flow\" style=\"flex-basis:100%\">\n<section id=\"&lt;p class=&quot;wpcf7-contact-form-not-found&quot;&gt;&lt;strong&gt;Error:&lt;\/strong&gt; Contact form not found.&lt;\/p&gt;\" class=\"wp-block-gutentor-m9 section-g18e4c9 gutentor-module gutentor-module-form-wrapper has-color-bg has-custom-bg wow slideInUp\" data-wow-animation=\"slideInUp\" data-wow-delay=\"0.5s\" data-wow-iteration=\"1\"><div class=\"grid-container gutentor-rm-ct-space\">\n<div class=\"wpcf7 no-js\" id=\"wpcf7-f481-o1\" lang=\"en-US\" dir=\"ltr\">\n<div class=\"screen-reader-response\"><p role=\"status\" aria-live=\"polite\" aria-atomic=\"true\"><\/p> <ul><\/ul><\/div>\n<form action=\"\/index.php?rest_route=%2Fwp%2Fv2%2Fpages%2F233#wpcf7-f481-o1\" method=\"post\" class=\"wpcf7-form init\" aria-label=\"Contact form\" novalidate=\"novalidate\" data-status=\"init\">\n<div style=\"display: none;\">\n<input type=\"hidden\" name=\"_wpcf7\" value=\"481\" \/>\n<input type=\"hidden\" name=\"_wpcf7_version\" value=\"5.7.5.1\" \/>\n<input type=\"hidden\" name=\"_wpcf7_locale\" value=\"en_US\" \/>\n<input type=\"hidden\" name=\"_wpcf7_unit_tag\" value=\"wpcf7-f481-o1\" \/>\n<input type=\"hidden\" name=\"_wpcf7_container_post\" value=\"0\" \/>\n<input type=\"hidden\" name=\"_wpcf7_posted_data_hash\" value=\"\" \/>\n<\/div>\n<p><label> Nombre<br \/>\n<span class=\"wpcf7-form-control-wrap\" data-name=\"your-name\"><input size=\"40\" class=\"wpcf7-form-control wpcf7-text wpcf7-validates-as-required\" autocomplete=\"name\" aria-required=\"true\" aria-invalid=\"false\" value=\"\" type=\"text\" name=\"your-name\" \/><\/span> <\/label>\n<\/p>\n<p><label> Email<br \/>\n<span class=\"wpcf7-form-control-wrap\" data-name=\"your-email\"><input size=\"40\" class=\"wpcf7-form-control wpcf7-text wpcf7-email wpcf7-validates-as-required wpcf7-validates-as-email\" autocomplete=\"email\" aria-required=\"true\" aria-invalid=\"false\" value=\"\" type=\"email\" name=\"your-email\" \/><\/span> <\/label>\n<\/p>\n<p><label> Solicita Cotizaci\u00f3n<br \/>\n<span class=\"wpcf7-form-control-wrap\" data-name=\"your-subject\"><input size=\"40\" class=\"wpcf7-form-control wpcf7-text wpcf7-validates-as-required\" aria-required=\"true\" aria-invalid=\"false\" value=\"\" type=\"text\" name=\"your-subject\" \/><\/span> <\/label>\n<\/p>\n<p><label> Mensaje (optional)<br \/>\n<span class=\"wpcf7-form-control-wrap\" data-name=\"your-message\"><textarea cols=\"40\" rows=\"10\" class=\"wpcf7-form-control wpcf7-textarea\" aria-invalid=\"false\" name=\"your-message\"><\/textarea><\/span> <\/label>\n<\/p>\n<p><input class=\"wpcf7-form-control has-spinner wpcf7-submit\" type=\"submit\" value=\"Enviar\" \/>\n<\/p><p style=\"display: none !important;\"><label>&#916;<textarea name=\"_wpcf7_ak_hp_textarea\" cols=\"45\" rows=\"8\" maxlength=\"100\"><\/textarea><\/label><input type=\"hidden\" id=\"ak_js_1\" name=\"_wpcf7_ak_js\" value=\"179\"\/><script>document.getElementById( \"ak_js_1\" ).setAttribute( \"value\", ( new Date() ).getTime() );<\/script><\/p><div class=\"wpcf7-response-output\" aria-hidden=\"true\"><\/div>\n<\/form>\n<\/div>\n\n<\/div><\/section>\n<\/div>\n<\/div>\n<\/div><\/div>\n<\/div><\/div><\/section>\n<\/div><\/section>\n","protected":false},"excerpt":{"rendered":"","protected":false},"author":1,"featured_media":0,"parent":225,"menu_order":0,"comment_status":"closed","ping_status":"closed","template":"elementor_header_footer","meta":{"_joinchat":[],"footnotes":""},"class_list":["post-233","page","type-page","status-publish","hentry"],"_links":{"self":[{"href":"https:\/\/financiafactor.estrategiasdigitales.cl\/index.php?rest_route=\/wp\/v2\/pages\/233","targetHints":{"allow":["GET"]}}],"collection":[{"href":"https:\/\/financiafactor.estrategiasdigitales.cl\/index.php?rest_route=\/wp\/v2\/pages"}],"about":[{"href":"https:\/\/financiafactor.estrategiasdigitales.cl\/index.php?rest_route=\/wp\/v2\/types\/page"}],"author":[{"embeddable":true,"href":"https:\/\/financiafactor.estrategiasdigitales.cl\/index.php?rest_route=\/wp\/v2\/users\/1"}],"replies":[{"embeddable":true,"href":"https:\/\/financiafactor.estrategiasdigitales.cl\/index.php?rest_route=%2Fwp%2Fv2%2Fcomments&post=233"}],"version-history":[{"count":32,"href":"https:\/\/financiafactor.estrategiasdigitales.cl\/index.php?rest_route=\/wp\/v2\/pages\/233\/revisions"}],"predecessor-version":[{"id":966,"href":"https:\/\/financiafactor.estrategiasdigitales.cl\/index.php?rest_route=\/wp\/v2\/pages\/233\/revisions\/966"}],"up":[{"embeddable":true,"href":"https:\/\/financiafactor.estrategiasdigitales.cl\/index.php?rest_route=\/wp\/v2\/pages\/225"}],"wp:attachment":[{"href":"https:\/\/financiafactor.estrategiasdigitales.cl\/index.php?rest_route=%2Fwp%2Fv2%2Fmedia&parent=233"}],"curies":[{"name":"wp","href":"https:\/\/api.w.org\/{rel}","templated":true}]}}