{"id":498,"date":"2023-03-23T16:26:40","date_gmt":"2023-03-23T16:26:40","guid":{"rendered":"https:\/\/financiafactor.estrategiasdigitales.cl\/?page_id=498"},"modified":"2023-03-31T11:10:37","modified_gmt":"2023-03-31T14:10:37","slug":"factoring-2","status":"publish","type":"page","link":"https:\/\/financiafactor.estrategiasdigitales.cl\/?page_id=498","title":{"rendered":"Compra de Facturas &#038; Documentos"},"content":{"rendered":"\n<p><\/p>\n\n\n\n<section id=\"section-045a6a15-e51c-4450-bc92-df34fbec4a90\" class=\"wp-block-gutentor-advanced-columns gutentor-section gutentor-advanced-columns has-color-bg has-custom-bg\"><div class=\"grid-container\"><div class=\"grid-row\">\n<div id=\"section-aa4d6f12-bf17-4a20-af62-8c605546d701\" class=\"wp-block-gutentor-single-column gutentor-single-column  grid-lg-4 grid-md-12 grid-12\">\n<figure class=\"wp-block-image size-full\"><img decoding=\"async\" src=\"https:\/\/financiafactor.estrategiasdigitales.cl\/wp-content\/uploads\/2023\/03\/undraw_message_sent_re_q2kl-1.svg\" alt=\"\" class=\"wp-image-82\"\/><\/figure>\n\n\n\n<div id=\"section-geaaa05\" class=\"wp-block-gutentor-e2 section-geaaa05 gutentor-element gutentor-element-button\"><span class=\"gutentor-button-wrap\"><a class=\"gutentor-button gutentor-block-button gutentor-icon-hide\" href=\"#\"><i class=\"gutentor-button-icon fas fa-book\"><\/i><span>\u00a1Cotiza aqu\u00ed!<\/span><\/a><\/span><\/div>\n<\/div>\n\n\n\n<div id=\"section-146f6e4d-c6b2-4ced-b739-a4920a3eb646\" class=\"wp-block-gutentor-single-column gutentor-single-column  grid-lg-8 grid-md-12 grid-12\">\n<div class=\"wp-block-columns is-layout-flex wp-container-core-columns-is-layout-9d6595d7 wp-block-columns-is-layout-flex\">\n<div class=\"wp-block-column is-layout-flow wp-block-column-is-layout-flow\" style=\"flex-basis:100%\">\n<div class=\"wp-block-columns is-layout-flex wp-container-core-columns-is-layout-9d6595d7 wp-block-columns-is-layout-flex\">\n<div class=\"wp-block-column is-layout-flow wp-block-column-is-layout-flow\" style=\"flex-basis:100%\">\n<div id=\"section-f96a061f-7a2c-4de0-aff4-92eb4b81eaf5\" class=\"wp-block-gutentor-content-box gutentor-section gutentor-content-box-wrapper content-template1 text-left\"><div class=\"grid-container\"><div class=\"grid-row gutentor-grid-item-wrap\"><div class=\"gutentor-grid-column grid-lg-12 grid-md-12 grid-12\"><div class=\"gutentor-single-item gutentor-single-item-0\"><div class=\"gutentor-single-item-wrap\"><div class=\"gutentor-single-item-content\"><h1 class=\"gutentor-single-item-title\">Compra de Facturas, Documentos &amp; Contratos<\/h1><p class=\"gutentor-single-item-desc\">Es una forma de obtener financiamiento basado en la cesi\u00f3n o venta de derechos sobre un activo de la empresa.<br>Permite generar liquidez inmediata para su negocio sobre activos con vencimiento de mediano a largo plazo.<br>Si tienes contratos de obra o proyectos con estados de avance o con hitos y requieres capital de trabajo para completar su ejecuci\u00f3n, este tipo de servicio puede ser una gran ayuda para generar liquidez y completar tus proyectos.<br>Es un servicio que opera sobre los flujos comprometidos del proyecto sobre 90 d\u00edas.<\/p><\/div><\/div><\/div><\/div><\/div><\/div><\/div>\n\n\n\n<section id=\"section-185fedce-af52-454c-81e1-80cb1bf625e3\" class=\"wp-block-gutentor-divider section-185fedce-af52-454c-81e1-80cb1bf625e3 gutentor-element gutentor-section gutentor-divider text-center\"><div class=\"grid-container\"><div class=\"gutentor-divider-box\"><span><svg xmlns=\"http:\/\/www.w3.org\/2000\/svg\" viewBox=\"0 0 240 40\" preserveAspectRatio=\"none\"><path d=\"M56.2 20c5.3-.1 10.6-.2 16-.3l16-.2c10.6-.1 21.3-.1 31.9-.2 10.6.1 21.3 0 31.9.1l16 .2c5.3.1 10.6.2 16 .3-5.3.1-10.6.2-16 .3l-16 .2c-10.6.1-21.3.1-31.9.1-10.6-.1-21.3 0-31.9-.2l-16-.2c-5.4.1-10.7 0-16-.1z\"><\/path><\/svg><\/span><\/div><\/div><\/section>\n<\/div>\n<\/div>\n<\/div>\n<\/div>\n\n\n\n<div id=\"section-e3991ce3-5bb6-4ce5-a56a-b9bd6eca3bcb\" class=\"wp-block-gutentor-list gutentor-section gutentor-list-wrapper list-template1 text-left\"><div class=\"grid-container\"><div class=\"gutentor-block-header\"><div class=\"gutentor-section-title enable-title-design seperator-bottom text-center\"><h2 class=\"gutentor-title\">Ventajas &amp; Beneficios<\/h2><\/div><\/div><ul class=\"grid-row gutentor-grid-item-wrap list-indicator-icon text-left\"><li class=\"gutentor-list-item grid-lg-4 grid-12 grid-12\"><span class=\"gutentor-single-item gutentor-single-item-0\"><span class=\"gutentor-list-item-wrap\"><span class=\"gutentor-single-list-item-icon\"><i class=\"list-item-icon far fa-check-circle\"><\/i><\/span><span class=\"gutentor-list-item\"><p class=\"gutentor-single-item-title\">Financiamiento anticipado de compromisos de pago de mediano y largo plazo <\/p><\/span><\/span><\/span><\/li><li class=\"gutentor-list-item grid-lg-4 grid-12 grid-12\"><span class=\"gutentor-single-item gutentor-single-item-1\"><span class=\"gutentor-list-item-wrap\"><span class=\"gutentor-single-list-item-icon\"><i class=\"list-item-icon far fa-check-circle\"><\/i><\/span><span class=\"gutentor-list-item\"><p class=\"gutentor-single-item-title\">Disminuye los gastos directos asociados a gestiones administrativas y de cobranza  <\/p><\/span><\/span><\/span><\/li><li class=\"gutentor-list-item grid-lg-4 grid-12 grid-12\"><span class=\"gutentor-single-item gutentor-single-item-2\"><span class=\"gutentor-list-item-wrap\"><span class=\"gutentor-single-list-item-icon\"><i class=\"list-item-icon far fa-check-circle\"><\/i><\/span><span class=\"gutentor-list-item\"><p class=\"gutentor-single-item-title\">Genera claridad y transparencia en la gesti\u00f3n de cobranza de tus proyectos<\/p><\/span><\/span><\/span><\/li><li class=\"gutentor-list-item grid-lg-4 grid-12 grid-12\"><span class=\"gutentor-single-item gutentor-single-item-3\"><span class=\"gutentor-list-item-wrap\"><span class=\"gutentor-single-list-item-icon\"><i class=\"list-item-icon far fa-check-circle\"><\/i><\/span><span class=\"gutentor-list-item\"><p class=\"gutentor-single-item-title\"> Libera a los ejecutivos de realizar acciones de cobranza que inciden en las relaciones con clientes<\/p><\/span><\/span><\/span><\/li><li class=\"gutentor-list-item grid-lg-4 grid-12 grid-12\"><span class=\"gutentor-single-item gutentor-single-item-4\"><span class=\"gutentor-list-item-wrap\"><span class=\"gutentor-single-list-item-icon\"><i class=\"list-item-icon far fa-check-circle\"><\/i><\/span><span class=\"gutentor-list-item\"><p class=\"gutentor-single-item-title\">Evita tr\u00e1mites y p\u00e9rdidas de tiempo en gestiones para obtener financiamiento por cr\u00e9dito <\/p><\/span><\/span><\/span><\/li><li class=\"gutentor-list-item grid-lg-4 grid-12 grid-12\"><span class=\"gutentor-single-item gutentor-single-item-5\"><span class=\"gutentor-list-item-wrap\"><span class=\"gutentor-single-list-item-icon\"><i class=\"list-item-icon far fa-check-circle\"><\/i><\/span><span class=\"gutentor-list-item\"><p class=\"gutentor-single-item-title\">Genera liquidez de tus estados de pago con flujos del proyecto aumentando el capital de trabajo y  sin necesidad de contraer deudas<\/p><\/span><\/span><\/span><\/li><\/ul><\/div><\/div>\n<\/div>\n<\/div><\/div><\/section>\n\n\n\n<section id=\"section-d74038a9-281a-4026-a648-43fee8904e10\" class=\"wp-block-gutentor-timeline gutentor-section gutentor-timeline cssanimations timeline-template1 has-color-bg has-custom-bg first-item-active\"><div class=\"grid-container\"><div class=\"gutentor-block-header\"><div class=\"gutentor-section-title enable-title-design seperator-bottom text-center\"><h2 class=\"gutentor-title\">Compra de Facturas, Documentos &amp; Contratos | Proceso <\/h2><\/div><\/div><div class=\"gutentor-grid-item-wrap\"><div class=\"gutentor-timeline-wrapper\"><div class=\"gutentor-single-item gutentor-single-item-0 gutentor-even\"><div class=\"gutentor-timeline-item\"><div class=\"gutentor-single-item-wrap\"><div class=\"gutentor-timeline-item-circle\"><\/div><div class=\"gutentor-single-item-wrapper\"><div class=\"gutentor-single-item-content gutentor-timeline-item-content\"><div class=\"gutentor-timeline-item-org-title\"><h5 class=\"gutentor-timeline-item-heading-name\">Revisi\u00f3n y an\u00e1lisis de condiciones de pago<\/h5><span class=\"gutentor-timeline-item-duration\">Paso 1<\/span><\/div><h3 class=\"gutentor-single-item-title\">Proveedor posee un contrato de proyecto que requiere financiamiento<\/h3><p class=\"gutentor-single-item-desc\">An\u00e1lisis de los t\u00e9rminos del contrato y de las condiciones de pago de los flujos futuros basado en estados de avance de proyecto.<br><\/p><\/div><\/div><\/div><\/div><\/div><div class=\"gutentor-single-item gutentor-single-item-1 gutentor-odd\"><div class=\"gutentor-timeline-item\"><div class=\"gutentor-single-item-wrap\"><div class=\"gutentor-timeline-item-circle\"><\/div><div class=\"gutentor-single-item-wrapper\"><div class=\"gutentor-single-item-content gutentor-timeline-item-content\"><div class=\"gutentor-timeline-item-org-title\"><h5 class=\"gutentor-timeline-item-heading-name\">Cesi\u00f3n y venta de documento<\/h5><span class=\"gutentor-timeline-item-duration\">Paso 2<\/span><\/div><h3 class=\"gutentor-single-item-title\">Proveedor realiza la cesi\u00f3n y traspaso del documento<br><\/h3><p class=\"gutentor-single-item-desc\">El proveedor que posee el contrato los cede a Factor Financia en todas sus condiciones mediante la venta y traspaso del documento.<br>Se negocian los t\u00e9rminos y condiciones de operaci\u00f3n del contrato.<\/p><\/div><\/div><\/div><\/div><\/div><div class=\"gutentor-single-item gutentor-single-item-2 gutentor-even\"><div class=\"gutentor-timeline-item\"><div class=\"gutentor-single-item-wrap\"><div class=\"gutentor-timeline-item-circle\"><\/div><div class=\"gutentor-single-item-wrapper\"><div class=\"gutentor-single-item-content gutentor-timeline-item-content\"><div class=\"gutentor-timeline-item-org-title\"><h5 class=\"gutentor-timeline-item-heading-name\">Acuerdos de pago de flujos futuros <\/h5><span class=\"gutentor-timeline-item-duration\">Paso  3<\/span><\/div><h3 class=\"gutentor-single-item-title\">La empresa que adquiere el contrato verifica los antecedentes del pagador y establece los flujos de pago en virtud de los t\u00e9rminos y condiciones del contrato<br><\/h3><p class=\"gutentor-single-item-desc\">Se realiza un proceso interno de validaci\u00f3n del historial de pago y credenciales del pagador y se acepta o rechaza la solicitud de financiamiento v\u00eda anticipo del pago en base a hitos de avance establecidos en el contrato.<\/p><\/div><\/div><\/div><\/div><\/div><div class=\"gutentor-single-item gutentor-single-item-3 gutentor-odd\"><div class=\"gutentor-timeline-item\"><div class=\"gutentor-single-item-wrap\"><div class=\"gutentor-timeline-item-circle\"><\/div><div class=\"gutentor-single-item-wrapper\"><div class=\"gutentor-single-item-content gutentor-timeline-item-content\"><div class=\"gutentor-timeline-item-org-title\"><h5 class=\"gutentor-timeline-item-heading-name\">Pago de Anticipo sobre hitos de cumplimiento<\/h5><span class=\"gutentor-timeline-item-duration\">Paso 4<\/span><\/div><h3 class=\"gutentor-single-item-title\">La empresa de Factoring paga los anticipos de pago convenidos en funci\u00f3n de hitos de avance y cumplimiento<br><\/h3><p class=\"gutentor-single-item-desc\">De acuerdo a las credenciales e historial de pago del deudor se determina el % a pago del estado de avance, la tasa de cobro y se remite el pago al emisor del documento.<\/p><\/div><\/div><\/div><\/div><\/div><div class=\"gutentor-single-item gutentor-single-item-4 gutentor-even\"><div class=\"gutentor-timeline-item\"><div class=\"gutentor-single-item-wrap\"><div class=\"gutentor-timeline-item-circle\"><\/div><div class=\"gutentor-single-item-wrapper\"><div class=\"gutentor-single-item-content gutentor-timeline-item-content\"><div class=\"gutentor-timeline-item-org-title\"><h5 class=\"gutentor-timeline-item-heading-name\">Gesti\u00f3n de Cobranza y Liquidaci\u00f3n<\/h5><span class=\"gutentor-timeline-item-duration\">Paso  5<\/span><\/div><h3 class=\"gutentor-single-item-title\">La empresa de factoring gestiona la Cobranza y realiza la Liquidaci\u00f3n de la operaci\u00f3n<br><\/h3><p class=\"gutentor-single-item-desc\">Al vencimiento del plazo de pago  de acuerdo a los estados de avance convenidos Factor Financia genera una liquidaci\u00f3n de pago conforme al pago recibido del cliente deudor.<\/p><\/div><\/div><\/div><\/div><\/div><\/div><\/div><\/div><\/section>\n\n\n\n<section id=\"gm6ce90c1\" class=\"wp-block-gutentor-m3 section-gm6ce90c1 gutentor-module gutentor-container-cover has-color-bg has-custom-bg\"><div class=\"grid-container\">\n<div class=\"wp-block-columns is-layout-flex wp-container-core-columns-is-layout-9d6595d7 wp-block-columns-is-layout-flex\">\n<div class=\"wp-block-column is-layout-flow wp-block-column-is-layout-flow\" style=\"flex-basis:100%\">\n<section id=\"gmbcce3a0\" class=\"wp-block-gutentor-m3 section-gmbcce3a0 gutentor-module gutentor-container-cover\"><div class=\"grid-container\">\n<section id=\"section-e28a736e-b787-4c24-849e-aa71a59d7be3\" class=\"wp-block-gutentor-icon-box gutentor-section gutentor-icon-wrapper icon-template2 has-color-bg has-custom-bg\"><div class=\"grid-container\"><div class=\"grid-row gutentor-grid-item-wrap\"><div class=\"gutentor-grid-column grid-lg-4 grid-md-4 grid-12\"><div class=\"gutentor-single-item gutentor-icon gutentor-single-item-0\"><div class=\"gutentor-single-item-wrap\"><div class=\"gutentor-single-item-icon-box\"><i class=\"far fa-bell\"><\/i><\/div><div class=\"gutentor-single-item-content\"><h4 class=\"gutentor-single-item-title\"> R\u00e1pido<\/h4><p class=\"gutentor-single-item-desc\">Accedes a financiamiento adicional de forma \u00e1gil y en tiempo oportuno para satisfacer tus necesidades de flujos futuros comprometido de un proyecto<br><\/p><a class=\"gutentor-button gutentor-single-item-button gutentor-icon-hide\" href=\"#\"><i class=\"gutentor-button-icon fas fa-book\"><\/i><span>Leer m\u00e1s<\/span><\/a><\/div><\/div><\/div><\/div><div class=\"gutentor-grid-column grid-lg-4 grid-md-4 grid-12\"><div class=\"gutentor-single-item gutentor-icon gutentor-single-item-1\"><div class=\"gutentor-single-item-wrap\"><div class=\"gutentor-single-item-icon-box\"><i class=\"fas fa-book-open\"><\/i><\/div><div class=\"gutentor-single-item-content\"><h4 class=\"gutentor-single-item-title\"> Transparente <\/h4><p class=\"gutentor-single-item-desc\">Tienes acceso a tu estado de cuenta y liquidaciones en l\u00ednea con detalle de costos y pagos de cada estado de avance, cumplimiento de hitos y estados de pago<\/p><a class=\"gutentor-button gutentor-single-item-button gutentor-icon-hide\" href=\"#\"><i class=\"gutentor-button-icon fas fa-book\"><\/i><span>Leer m\u00e1s<\/span><\/a><\/div><\/div><\/div><\/div><div class=\"gutentor-grid-column grid-lg-4 grid-md-4 grid-12\"><div class=\"gutentor-single-item gutentor-icon gutentor-single-item-2\"><div class=\"gutentor-single-item-wrap\"><div class=\"gutentor-single-item-icon-box\"><i class=\"fas fa-user-graduate\"><\/i><\/div><div class=\"gutentor-single-item-content\"><h4 class=\"gutentor-single-item-title\"> Seguro <\/h4><p class=\"gutentor-single-item-desc\">Nuestros procesos est\u00e1n certificados y somos una entidad regulada por la Superintendencia de Servicios Financieros<br><\/p><a class=\"gutentor-button gutentor-single-item-button gutentor-icon-hide\" href=\"#\"><i class=\"gutentor-button-icon fas fa-book\"><\/i><span>Leer m\u00e1s<\/span><\/a><\/div><\/div><\/div><\/div><\/div><\/div><\/section>\n<\/div><\/section>\n<\/div>\n<\/div>\n\n\n\n<section id=\"gmf6d808e\" class=\"wp-block-gutentor-m4 section-gmf6d808e gutentor-module gutentor-advanced-columns has-color-bg has-custom-bg\"><div class=\"grid-container\"><div class=\"grid-row\">\n<div id=\"col-gmead2b5\" class=\"wp-block-gutentor-m4-col col-gmead2b5 gutentor-single-column  grid-lg-7 grid-md-6 grid-12\"><div id=\"section-gmead2b5\" class=\"section-gmead2b5 gutentor-col-wrap\">\n<div id=\"section-gc9fa40\" class=\"wp-block-gutentor-e1 section-gc9fa40 gutentor-element gutentor-element-advanced-text wow slideInUp\" data-wow-animation=\"slideInUp\"><div class=\"gutentor-text-wrap\"><p class=\"gutentor-text\"><mark style=\"background-color:rgba(0, 0, 0, 0);color:#ee396a\" class=\"has-inline-color\">Cotiza con nosotros <\/mark>y dale nuevo vuelo a tu negocio<\/p><\/div><\/div>\n\n\n\n<div id=\"section-gd03436\" class=\"wp-block-gutentor-e1 section-gd03436 gutentor-element gutentor-element-advanced-text wow slideInUp\" data-wow-animation=\"slideInUp\" data-wow-delay=\"0.1s\"><div class=\"gutentor-text-wrap\"><p class=\"gutentor-text\">Ll\u00e1manos para obtener soporte inmediato a tus consultas<\/p><\/div><\/div>\n\n\n\n<div id=\"section-gc4eaea\" class=\"wp-block-gutentor-e1 section-gc4eaea gutentor-element gutentor-element-advanced-text wow slideInUp\" data-wow-animation=\"slideInUp\" data-wow-delay=\"0.2s\"><div class=\"gutentor-text-wrap\"><p class=\"gutentor-text\">+562 22443700<\/p><\/div><\/div>\n\n\n\n<div id=\"section-g6cea14\" class=\"wp-block-gutentor-e1 section-g6cea14 gutentor-element gutentor-element-advanced-text wow slideInUp\" data-wow-animation=\"slideInUp\" data-wow-delay=\"0.3s\"><div class=\"gutentor-text-wrap\"><p class=\"gutentor-text\"><a href=\"mailto:soporte@factorfinancia.cl\" data-type=\"mailto\" data-id=\"mailto:soporte@factorfinancia.cl\">soporte@factorfinancia.cl<\/a><\/p><\/div><\/div>\n\n\n\n<p><\/p>\n<\/div><\/div>\n\n\n\n<div id=\"col-gmab236a\" class=\"wp-block-gutentor-m4-col col-gmab236a gutentor-single-column  grid-lg-5 grid-md-6 grid-12\"><div id=\"section-gmab236a\" class=\"section-gmab236a gutentor-col-wrap\">\n<div class=\"wp-block-columns are-vertically-aligned-center is-layout-flex wp-container-core-columns-is-layout-9d6595d7 wp-block-columns-is-layout-flex\">\n<div class=\"wp-block-column is-vertically-aligned-center is-layout-flow wp-block-column-is-layout-flow\" style=\"flex-basis:100%\">\n<section id=\"&lt;p class=&quot;wpcf7-contact-form-not-found&quot;&gt;&lt;strong&gt;Error:&lt;\/strong&gt; Contact form not found.&lt;\/p&gt;\" class=\"wp-block-gutentor-m9 section-gfb04b0 gutentor-module gutentor-module-form-wrapper has-color-bg has-custom-bg wow slideInUp\" data-wow-animation=\"slideInUp\" data-wow-delay=\"0.5s\" data-wow-iteration=\"1\"><div class=\"grid-container gutentor-rm-ct-space\">\n<div class=\"wpcf7 no-js\" id=\"wpcf7-f481-o1\" lang=\"en-US\" dir=\"ltr\">\n<div class=\"screen-reader-response\"><p role=\"status\" aria-live=\"polite\" aria-atomic=\"true\"><\/p> <ul><\/ul><\/div>\n<form action=\"\/index.php?rest_route=%2Fwp%2Fv2%2Fpages%2F498#wpcf7-f481-o1\" method=\"post\" class=\"wpcf7-form init\" aria-label=\"Contact form\" novalidate=\"novalidate\" data-status=\"init\">\n<div style=\"display: none;\">\n<input type=\"hidden\" name=\"_wpcf7\" value=\"481\" \/>\n<input type=\"hidden\" name=\"_wpcf7_version\" value=\"5.7.5.1\" \/>\n<input type=\"hidden\" name=\"_wpcf7_locale\" value=\"en_US\" \/>\n<input type=\"hidden\" name=\"_wpcf7_unit_tag\" value=\"wpcf7-f481-o1\" \/>\n<input type=\"hidden\" name=\"_wpcf7_container_post\" value=\"0\" \/>\n<input type=\"hidden\" name=\"_wpcf7_posted_data_hash\" value=\"\" \/>\n<\/div>\n<p><label> Nombre<br \/>\n<span class=\"wpcf7-form-control-wrap\" data-name=\"your-name\"><input size=\"40\" class=\"wpcf7-form-control wpcf7-text wpcf7-validates-as-required\" autocomplete=\"name\" aria-required=\"true\" aria-invalid=\"false\" value=\"\" type=\"text\" name=\"your-name\" \/><\/span> <\/label>\n<\/p>\n<p><label> Email<br \/>\n<span class=\"wpcf7-form-control-wrap\" data-name=\"your-email\"><input size=\"40\" class=\"wpcf7-form-control wpcf7-text wpcf7-email wpcf7-validates-as-required wpcf7-validates-as-email\" autocomplete=\"email\" aria-required=\"true\" aria-invalid=\"false\" value=\"\" type=\"email\" name=\"your-email\" \/><\/span> <\/label>\n<\/p>\n<p><label> Solicita Cotizaci\u00f3n<br \/>\n<span class=\"wpcf7-form-control-wrap\" data-name=\"your-subject\"><input size=\"40\" class=\"wpcf7-form-control wpcf7-text wpcf7-validates-as-required\" aria-required=\"true\" aria-invalid=\"false\" value=\"\" type=\"text\" name=\"your-subject\" \/><\/span> <\/label>\n<\/p>\n<p><label> Mensaje (optional)<br \/>\n<span class=\"wpcf7-form-control-wrap\" data-name=\"your-message\"><textarea cols=\"40\" rows=\"10\" class=\"wpcf7-form-control wpcf7-textarea\" aria-invalid=\"false\" name=\"your-message\"><\/textarea><\/span> <\/label>\n<\/p>\n<p><input class=\"wpcf7-form-control has-spinner wpcf7-submit\" type=\"submit\" value=\"Enviar\" \/>\n<\/p><p style=\"display: none !important;\"><label>&#916;<textarea name=\"_wpcf7_ak_hp_textarea\" cols=\"45\" rows=\"8\" maxlength=\"100\"><\/textarea><\/label><input type=\"hidden\" id=\"ak_js_1\" name=\"_wpcf7_ak_js\" value=\"227\"\/><script>document.getElementById( \"ak_js_1\" ).setAttribute( \"value\", ( new Date() ).getTime() );<\/script><\/p><div class=\"wpcf7-response-output\" aria-hidden=\"true\"><\/div>\n<\/form>\n<\/div>\n\n<\/div><\/section>\n<\/div>\n<\/div>\n<\/div><\/div>\n<\/div><\/div><\/section>\n<\/div><\/section>\n","protected":false},"excerpt":{"rendered":"","protected":false},"author":1,"featured_media":0,"parent":225,"menu_order":0,"comment_status":"closed","ping_status":"closed","template":"elementor_header_footer","meta":{"_joinchat":[],"footnotes":""},"class_list":["post-498","page","type-page","status-publish","hentry"],"_links":{"self":[{"href":"https:\/\/financiafactor.estrategiasdigitales.cl\/index.php?rest_route=\/wp\/v2\/pages\/498","targetHints":{"allow":["GET"]}}],"collection":[{"href":"https:\/\/financiafactor.estrategiasdigitales.cl\/index.php?rest_route=\/wp\/v2\/pages"}],"about":[{"href":"https:\/\/financiafactor.estrategiasdigitales.cl\/index.php?rest_route=\/wp\/v2\/types\/page"}],"author":[{"embeddable":true,"href":"https:\/\/financiafactor.estrategiasdigitales.cl\/index.php?rest_route=\/wp\/v2\/users\/1"}],"replies":[{"embeddable":true,"href":"https:\/\/financiafactor.estrategiasdigitales.cl\/index.php?rest_route=%2Fwp%2Fv2%2Fcomments&post=498"}],"version-history":[{"count":9,"href":"https:\/\/financiafactor.estrategiasdigitales.cl\/index.php?rest_route=\/wp\/v2\/pages\/498\/revisions"}],"predecessor-version":[{"id":976,"href":"https:\/\/financiafactor.estrategiasdigitales.cl\/index.php?rest_route=\/wp\/v2\/pages\/498\/revisions\/976"}],"up":[{"embeddable":true,"href":"https:\/\/financiafactor.estrategiasdigitales.cl\/index.php?rest_route=\/wp\/v2\/pages\/225"}],"wp:attachment":[{"href":"https:\/\/financiafactor.estrategiasdigitales.cl\/index.php?rest_route=%2Fwp%2Fv2%2Fmedia&parent=498"}],"curies":[{"name":"wp","href":"https:\/\/api.w.org\/{rel}","templated":true}]}}