{"id":622,"date":"2023-03-24T16:56:55","date_gmt":"2023-03-24T19:56:55","guid":{"rendered":"https:\/\/financiafactor.estrategiasdigitales.cl\/?page_id=622"},"modified":"2023-03-28T09:16:43","modified_gmt":"2023-03-28T12:16:43","slug":"blog-2","status":"publish","type":"page","link":"https:\/\/financiafactor.estrategiasdigitales.cl\/?page_id=622","title":{"rendered":"Blog"},"content":{"rendered":"\n<section id=\"g0536ac\" class=\"wp-block-gutentor-p4 section-g0536ac gutentor-post-module gutentor-advanced-post-module\" data-gpid=\"622\" data-l-ani=\"gp4-animation-2\" data-i-b=\"gutentor\/p1\" data-maxnumpages=\"1\">\n<div id=\"section-g5d80cf\" class=\"wp-block-gutentor-e16 section-g5d80cf gutentor-element gutentor-post-header\"><div class=\"grid-container\"><div class=\"grid-row\">\n<div id=\"col-gm9ca3dd\" class=\"wp-block-gutentor-e15 gutentor-single-column  grid-lg-5 grid-md-5 grid-5\"><div id=\"section-gm9ca3dd\" class=\"section-gm9ca3dd gutentor-col-wrap\">\n<div id=\"section-g1cac94\" class=\"wp-block-gutentor-e0 section-g1cac94 gutentor-element gutentor-element-advanced-text\"><div class=\"gutentor-text-wrap\"><h3 class=\"gutentor-text\">Art\u00edculos y Publicaciones<\/h3><\/div><\/div>\n<\/div><\/div>\n\n\n\n<div id=\"col-gm839105\" class=\"wp-block-gutentor-e15 gutentor-single-column  grid-lg-5 grid-md-5 grid-5\"><div id=\"section-gm839105\" class=\"section-gm839105 gutentor-col-wrap\">\n<div id=\"section-g546208\" class=\"wp-block-gutentor-e14 section-g546208 gutentor-element gutentor-element-term-filter text-align-center-desktop text-align-center-tablet text-align-left-mobile\"><div class=\"gutentor-filter-navigation\" data-gtax=\"category\" data-gpost=\"post\"><div class=\"gutentor-filter-wrap\"><ul class=\"gutentor-filter-list g-responsive-menu\"><li class=\"gutentor-filter-item\"><a href=\"#\" class=\"g-active\" data-gterm=\"gAll\" data-all-opt=\"all\">All<\/a><\/li><\/ul><\/div><\/div><\/div>\n<\/div><\/div>\n\n\n\n<div id=\"col-gmbd4aeb\" class=\"wp-block-gutentor-e15 gutentor-single-column  grid-lg-2 grid-md-2 grid-2\"><div id=\"section-gmbd4aeb\" class=\"section-gmbd4aeb gutentor-col-wrap\">\n<div id=\"section-gabd0c7\" class=\"wp-block-gutentor-e13 section-gabd0c7 gutentor-element gutentor-element-navigation text-align-center-desktop text-align-right-tablet text-align-left-mobile\"><div class=\"gutentor-navigation\" data-gpage=\"1\"><ul class=\"gutentor-next-prev\"><li><a class=\"gutentor-disabled g-nav-prev\"><i class=\"fas fa-chevron-left\"><\/i><\/a><\/li><li><a class=\"g-nav-next gutentor-disabled\"><i class=\"fas fa-chevron-right\"><\/i><\/a><\/li><\/ul><\/div><\/div>\n<\/div><\/div>\n<\/div><\/div><\/div>\n\n\n<section class=\"gutentor-post-module section-18049c44-0528-4781-a184-02ef9ca3c0ce gutentor-post-module-p1 gutentor_p1_template1 wp-block-gutentor-p1 gutentor-blog-list\" id=\"18049c44-0528-4781-a184-02ef9ca3c0ce\" data-gbid=\"18049c44-0528-4781-a184-02ef9ca3c0ce\" >\n<div class='grid-container'><div class='grid-row' ><article class='gutentor-post'><div class='gutentor-post-item'><div class='gutentor-post-image-box'><div class=\"gutentor-image-thumb\"><img loading=\"lazy\" decoding=\"async\" width=\"150\" height=\"150\" src=\"https:\/\/financiafactor.estrategiasdigitales.cl\/wp-content\/uploads\/2023\/03\/ezgif.com-gif-maker-3-150x150.jpg\" class=\"attachment-thumbnail size-thumbnail wp-post-image\" alt=\"\" \/><\/div><\/div><div class=\"gutentor-post-content\"><h3 class=\"gutentor-post-title\"><a href=\"https:\/\/financiafactor.estrategiasdigitales.cl\/?p=422\" rel=\"bookmark\">Factoring | Proceso en 4 simples pasos<\/a><\/h3><div class=\"gutentor-entry-meta gutentor-entry-meta-primary\"><div class=\"author vcard\"><a href=\"https:\/\/financiafactor.estrategiasdigitales.cl\/?p=422\" rel=\"bookmark\">admin<\/a><\/div><div class=\"posted-on\"><a href=\"https:\/\/financiafactor.estrategiasdigitales.cl\/?p=422\" rel=\"bookmark\">22\/03\/2023<\/a><\/div><div class=\"gutentor-meta-categories\"><a href=\"https:\/\/financiafactor.estrategiasdigitales.cl\/?cat=3\" rel=\"category\">Servicios<\/a><\/div><\/div><div class=\"gutentor-post-desc\">Proceso \u00e1gil r\u00e1pido y seguro que depende m\u00e1s del historial financiero de sus clientes y deudores que de su propia situaci\u00f3n financiera.&hellip;<\/div><a class=\"gutentor-button gutentor-post-button\"  href=\"https:\/\/financiafactor.estrategiasdigitales.cl\/?p=422\" href=\"https:\/\/financiafactor.estrategiasdigitales.cl\/?p=422\"><span>Leer m\u00e1s<\/span><\/a><\/div><\/div><\/article><article class='gutentor-post'><div class='gutentor-post-item'><div class='gutentor-post-image-box'><div class=\"gutentor-image-thumb\"><img loading=\"lazy\" decoding=\"async\" width=\"150\" height=\"150\" src=\"https:\/\/financiafactor.estrategiasdigitales.cl\/wp-content\/uploads\/2023\/03\/undraw_personal_finance_tqcd-_1_-150x150.jpg\" class=\"attachment-thumbnail size-thumbnail wp-post-image\" alt=\"\" \/><\/div><\/div><div class=\"gutentor-post-content\"><h3 class=\"gutentor-post-title\"><a href=\"https:\/\/financiafactor.estrategiasdigitales.cl\/?p=1\" rel=\"bookmark\">Las ventajas de contar con un servicio de Factoring<\/a><\/h3><div class=\"gutentor-entry-meta gutentor-entry-meta-primary\"><div class=\"author vcard\"><a href=\"https:\/\/financiafactor.estrategiasdigitales.cl\/?p=1\" rel=\"bookmark\">admin<\/a><\/div><div class=\"posted-on\"><a href=\"https:\/\/financiafactor.estrategiasdigitales.cl\/?p=1\" rel=\"bookmark\">20\/03\/2023<\/a><\/div><div class=\"gutentor-meta-categories\"><a href=\"https:\/\/financiafactor.estrategiasdigitales.cl\/?cat=3\" rel=\"category\">Servicios<\/a><\/div><div class=\"comments-link\">1<\/div><\/div><div class=\"gutentor-post-desc\">Obtenga un flujo adicional con una soluci\u00f3n a medida para su negocio basado en sus activos y contratos, sin necesidad de tomar pr\u00e9stamos bancarios.&hellip;<\/div><a class=\"gutentor-button gutentor-post-button\"  href=\"https:\/\/financiafactor.estrategiasdigitales.cl\/?p=1\" href=\"https:\/\/financiafactor.estrategiasdigitales.cl\/?p=1\"><span>Leer m\u00e1s<\/span><\/a><\/div><\/div><\/article><\/div><\/div><\/section>\n\n\n<div id=\"section-g8d4720\" class=\"wp-block-gutentor-e17 section-g8d4720 gutentor-element gutentor-post-footer\"><div class=\"grid-container\"><div class=\"grid-row\">\n<div id=\"col-gmd3762d\" class=\"wp-block-gutentor-e15 gutentor-single-column  grid-lg-12 grid-md-12 grid-12\"><div id=\"section-gmd3762d\" class=\"section-gmd3762d gutentor-col-wrap\">\n<div id=\"section-g6edea4\" class=\"wp-block-gutentor-e12 section-g6edea4 gutentor-element gutentor-element-pagination text-align-center-mobile\"><div class=\"gutentor-pagination-wrap\" data-maxnumpages=\"1\"><ul class=\"gutentor-pagination\"><li class=\"gutentor-pagination-item gutentor-pagination-prev\"><a class=\"gutentor-pagination-link gutentor-disabled\" href=\"#\"><i class=\"fas fa-chevron-left\"><\/i>Previous<\/a><\/li><li class=\"gutentor-pagination-item gutentor-pagination-active\" data-gpage=\"1\"><a class=\"gutentor-pagination-link\" href=\"#\">1<\/a><\/li><li class=\"gutentor-pagination-item gutentor-pagination-next\"><a class=\"gutentor-pagination-link gutentor-disabled\" href=\"#\" data-gpage=\"2\">Next<i class=\"fas fa-chevron-right\"><\/i><\/a><\/li><\/ul><\/div><\/div>\n<\/div><\/div>\n<\/div><\/div><\/div>\n<\/section>\n","protected":false},"excerpt":{"rendered":"<p>Publicaciones y art\u00edculos de inter\u00e9s de la industria financiera<\/p>\n","protected":false},"author":1,"featured_media":0,"parent":0,"menu_order":0,"comment_status":"closed","ping_status":"closed","template":"elementor_header_footer","meta":{"_joinchat":[],"footnotes":""},"class_list":["post-622","page","type-page","status-publish","hentry"],"_links":{"self":[{"href":"https:\/\/financiafactor.estrategiasdigitales.cl\/index.php?rest_route=\/wp\/v2\/pages\/622","targetHints":{"allow":["GET"]}}],"collection":[{"href":"https:\/\/financiafactor.estrategiasdigitales.cl\/index.php?rest_route=\/wp\/v2\/pages"}],"about":[{"href":"https:\/\/financiafactor.estrategiasdigitales.cl\/index.php?rest_route=\/wp\/v2\/types\/page"}],"author":[{"embeddable":true,"href":"https:\/\/financiafactor.estrategiasdigitales.cl\/index.php?rest_route=\/wp\/v2\/users\/1"}],"replies":[{"embeddable":true,"href":"https:\/\/financiafactor.estrategiasdigitales.cl\/index.php?rest_route=%2Fwp%2Fv2%2Fcomments&post=622"}],"version-history":[{"count":26,"href":"https:\/\/financiafactor.estrategiasdigitales.cl\/index.php?rest_route=\/wp\/v2\/pages\/622\/revisions"}],"predecessor-version":[{"id":762,"href":"https:\/\/financiafactor.estrategiasdigitales.cl\/index.php?rest_route=\/wp\/v2\/pages\/622\/revisions\/762"}],"wp:attachment":[{"href":"https:\/\/financiafactor.estrategiasdigitales.cl\/index.php?rest_route=%2Fwp%2Fv2%2Fmedia&parent=622"}],"curies":[{"name":"wp","href":"https:\/\/api.w.org\/{rel}","templated":true}]}}